{"id":14,"date":"2018-03-23T13:37:01","date_gmt":"2018-03-23T13:37:01","guid":{"rendered":"http:\/\/s683584806.onlinehome.fr\/?page_id=14"},"modified":"2018-10-07T19:34:20","modified_gmt":"2018-10-07T18:34:20","slug":"dates","status":"publish","type":"page","link":"http:\/\/centre2018.iosea.org\/fr\/dates","title":{"rendered":"DATES"},"content":{"rendered":"<p style=\"text-align: justify; text-justify: inter-word;\">Ouverture du site de soumission: 1er Avril 2018<\/p>\n<p style=\"text-align: justify; text-justify: inter-word;\">R\u00e9sum\u00e9 \u00e9tendu ou papier complet: <strong><span style=\"color: #b00000;\"><span style=\"text-decoration: underline;\"><span style=\"color: #b00000; text-decoration: underline;\">27\u00a0<\/span> <span style=\"color: #b00000; text-decoration: underline;\">octobre<\/span>\u00a0<span style=\"color: #b00000; text-decoration: underline;\">2018<\/span><\/span> (derni\u00e8re date)<\/span><\/strong><\/p>\n<p style=\"text-align: justify; text-justify: inter-word;\">Avis d\u2019acceptation: <strong><span style=\"color: #b00000;\"><span style=\"text-decoration: underline;\"><span style=\"color: #b00000; text-decoration: underline;\">31 octobre<\/span><span style=\"color: #b00000; text-decoration: underline;\">\u00a02018<\/span><\/span>\u00a0(derni\u00e8re date)<\/span><\/strong><\/p>\n<p style=\"text-align: justify; text-justify: inter-word;\">Papiers complets: <span style=\"text-decoration: underline; color: #b00000;\"><strong><span style=\"color: #b00000; text-decoration: underline;\">5<\/span><span style=\"color: #b00000; text-decoration: underline;\"> novembre<\/span><span style=\"color: #b00000; text-decoration: underline;\"> 2018<\/span><\/strong><\/span><\/p>\n<p style=\"text-align: justify; text-justify: inter-word;\">Ateliers: <span style=\"text-decoration: underline;\"><strong><span style=\"color: #b00000; text-decoration: underline;\">9 &#8211; 11 novembre 2018<\/span><\/strong><\/span><\/p>\n<p>&nbsp;<\/p>\n<p>&nbsp;<\/p>\n<p>&nbsp;<\/p>\n<p>&nbsp;<\/p>\n<p>&nbsp;<\/p>\n<p>&nbsp;<\/p>\n<p>&nbsp;<\/p>\n<p>&nbsp;<\/p>\n<p>&nbsp;<\/p>\n<p>&nbsp;<\/p>\n<p>&nbsp;<\/p>\n<p>&nbsp;<\/p>\n<p>&nbsp;<\/p>\n<p>&nbsp;<\/p>\n","protected":false},"excerpt":{"rendered":"<p>Ouverture du site de soumission: 1er Avril 2018 R\u00e9sum\u00e9 \u00e9tendu ou papier complet: 27\u00a0 octobre\u00a02018 (derni\u00e8re date) Avis d\u2019acceptation: 31 octobre\u00a02018\u00a0(derni\u00e8re date) Papiers complets: 5 novembre 2018 Ateliers: 9 &#8211; 11 novembre 2018 &nbsp; &nbsp; &nbsp; &nbsp; &nbsp; &nbsp; &nbsp; &hellip; <a href=\"http:\/\/centre2018.iosea.org\/fr\/dates\">Continuer la lecture <span class=\"meta-nav\">&rarr;<\/span><\/a><\/p>\n","protected":false},"author":1,"featured_media":0,"parent":0,"menu_order":0,"comment_status":"closed","ping_status":"closed","template":"","meta":{"footnotes":""},"_links":{"self":[{"href":"http:\/\/centre2018.iosea.org\/fr\/wp-json\/wp\/v2\/pages\/14"}],"collection":[{"href":"http:\/\/centre2018.iosea.org\/fr\/wp-json\/wp\/v2\/pages"}],"about":[{"href":"http:\/\/centre2018.iosea.org\/fr\/wp-json\/wp\/v2\/types\/page"}],"author":[{"embeddable":true,"href":"http:\/\/centre2018.iosea.org\/fr\/wp-json\/wp\/v2\/users\/1"}],"replies":[{"embeddable":true,"href":"http:\/\/centre2018.iosea.org\/fr\/wp-json\/wp\/v2\/comments?post=14"}],"version-history":[{"count":35,"href":"http:\/\/centre2018.iosea.org\/fr\/wp-json\/wp\/v2\/pages\/14\/revisions"}],"predecessor-version":[{"id":462,"href":"http:\/\/centre2018.iosea.org\/fr\/wp-json\/wp\/v2\/pages\/14\/revisions\/462"}],"wp:attachment":[{"href":"http:\/\/centre2018.iosea.org\/fr\/wp-json\/wp\/v2\/media?parent=14"}],"curies":[{"name":"wp","href":"https:\/\/api.w.org\/{rel}","templated":true}]}}