{"id":21,"date":"2018-03-23T13:45:48","date_gmt":"2018-03-23T13:45:48","guid":{"rendered":"http:\/\/s683584806.onlinehome.fr\/?page_id=21"},"modified":"2018-07-27T14:19:16","modified_gmt":"2018-07-27T13:19:16","slug":"committees","status":"publish","type":"page","link":"http:\/\/centre2018.iosea.org\/fr\/committees","title":{"rendered":"COMIT\u00c9S"},"content":{"rendered":"<p><span style=\"font-size: 18pt;\"><strong>Comit\u00e9 de Programme<\/strong><\/span><\/p>\n<pre><span style=\"font-family: georgia, palatino, serif;\">Abanda, Henri (Oxford Brookes University, United Kingdom)<\/span>\r\n<span style=\"font-family: georgia, palatino, serif;\">Abdou, Wahabou (Universit\u00e9 de Bourgogne, France)\r\n<\/span><span style=\"font-family: georgia, palatino, serif;\"><span class=\"\">Ackah, Jacques (Universit\u00e9 Jean Lorougnon Gu\u00e9d\u00e9, C\u00f4te d\u2019Ivoire)<\/span><\/span>\r\n<span style=\"font-family: georgia, palatino, serif;\">Adjallah, Kondo H. (Universit\u00e9 de Lorraine, France)<\/span>\r\n<span style=\"font-family: georgia, palatino, serif;\">Adzakpa, K. Pelope (CEGEP de la Gaspesie et des \u00celes, QC, Canada)<\/span>\r\n<span style=\"font-family: georgia, palatino, serif;\">Agbossou, Kodjo (Universit\u00e9 du Quebec \u00e0 Trois-Rivi\u00e8res, QC, Canada)\r\nAgboto Vincent (Allina Health in Minneapolis, Minnesota, USA)<\/span>\r\n<span style=\"font-family: georgia, palatino, serif;\">Ahmed, Yousif Elhadi Elsideeg (University of Gezira, Soudan)<\/span>\r\n<span style=\"font-family: georgia, palatino, serif;\">Aka, Boko (<span class=\"\">Universit\u00e9 Nangui Abrogoua, IREN<\/span>, C\u00f4te d\u2019Ivoire)\r\n<span class=\"\">Akaffou, Doffou (Universit\u00e9 Jean Lorougnon Gu\u00e9d\u00e9, C\u00f4te d\u2019Ivoire)<\/span><\/span>\r\n<span style=\"font-family: georgia, palatino, serif;\">Angaman, Maxime (Universit\u00e9 Jean Lorougnon Gu\u00e9d\u00e9, Daloa)\r\nAttipou, Kodjo (Universit\u00e9 de Lom\u00e9, Togo)<\/span>\r\n<span style=\"font-family: georgia, palatino, serif;\">Bako Laurent (Ecole Centrale de Lyon, France)<\/span>\r\n<span style=\"font-family: georgia, palatino, serif;\">Batako, Andr\u00e9 (Liverpool John Moores University, United Kingdom)<\/span>\r\n<span style=\"font-family: georgia, palatino, serif;\">Belmokhatar, Karim (Nergica, QC, Canada)<\/span>\r\n<span style=\"font-family: georgia, palatino, serif;\">Bilal, Boudy (Universit\u00e9 de Nouakchott, Mauritania)<\/span>\r\n<span style=\"font-family: georgia, palatino, serif;\">Birregah, Babiga (Universit\u00e9 de Technologie de Troyes, France)<\/span>\r\n<span style=\"font-family: georgia, palatino, serif;\">Bonfoh, Napo Yazid (Universit\u00e9 de lorraine, France)<\/span>\r\n<span style=\"font-family: georgia, palatino, serif;\">Bouzidi, Youcef (Universit\u00e9 de Technologie de Troyes, France)<\/span>\r\n<span style=\"font-family: georgia, palatino, serif;\">Ch\u00e2telet, Eric (Universit\u00e9 de Technologie de Troyes, France)<\/span>\r\n<span style=\"font-family: georgia, palatino, serif;\">Coulibaly, Amadou, (Universit\u00e9 de Strasbourg, France)<\/span>\r\n<span style=\"font-family: georgia, palatino, serif;\">Djaman Joseph (Universit\u00e9 F\u00e9lix Houphou\u00ebt-Boigny, C\u00f4te d\u2019Ivoire)<\/span>\r\n<span style=\"font-family: georgia, palatino, serif;\">Doumbia, Mamadou Lamine (Universit\u00e9 du Qu\u00e9bec \u00e0 Trois-Rivi\u00e8res, QC, Canada)<\/span>\r\n<span style=\"font-family: georgia, palatino, serif;\">Duhamel, Andr\u00e9a (Universit\u00e9 de Technologie de Troyes, France)\r\nElegbede, Charles A.O. (Ariane Group, France)<\/span>\r\n<span style=\"font-family: georgia, palatino, serif;\">Esse Ya, Hyppolite (Minist\u00e8re de l\u2019\u00e9ducation nationale, C\u00f4te d\u2019Ivoire)\r\nGuinhouya Benjamin (Universit\u00e9 de Lille, France)<\/span>\r\n<span style=\"font-family: georgia, palatino, serif;\">Gyamfi, Samuel (University of Energy and Natural Resources, Ghana)<\/span>\r\n<span style=\"font-family: georgia, palatino, serif;\">Kacem, Imed (Universit\u00e9 de Lorraine, France)<\/span>\r\n<span style=\"font-family: georgia, palatino, serif;\">Kelouwani, Sousso, (Universit\u00e9 du Quebec \u00e0 Trois-Rivi\u00e8res, QC, Canada)<\/span>\r\n<span style=\"font-family: georgia, palatino, serif;\">Kre, N\u2019Guessan Raymond (Universit\u00e9 Nangui Abrogua, C\u00f4te d\u2019Ivoire)<\/span>\r\n<span style=\"font-family: georgia, palatino, serif;\">Matadi-Boubimba, Rodrigue (Universit\u00e9 de Lorraine, France)<\/span>\r\n<span style=\"font-family: georgia, palatino, serif;\">Mboup, Mamadou, (Universit\u00e9 de Reims, France)<\/span>\r\n<span style=\"font-family: georgia, palatino, serif;\">Mempouo, Blaise (University of Nottingham, United Kingdom)<\/span>\r\n<span style=\"font-family: georgia, palatino, serif;\">Mensah, Yaogan (Universit\u00e9 de Lom\u00e9, France)<\/span>\r\n<span style=\"font-family: georgia, palatino, serif;\">N'Dongo, Mamoudou (Universit\u00e9 de Nouakchott, Mauritania)<\/span>\r\n<span style=\"font-family: georgia, palatino, serif;\">N'Guessan, Assi (Universit\u00e9 de Lille, France)<\/span>\r\n<span style=\"font-family: georgia, palatino, serif;\">Napo, Kossi (Universit\u00e9 de Lom\u00e9, Togo)<\/span>\r\n<span style=\"font-family: georgia, palatino, serif;\">Ndiaye, Papa Alioune (Universit\u00e9 Cheick Anta Diop, Senegal)<\/span>\r\n<span style=\"font-family: georgia, palatino, serif;\">Niang, Boubacar (Universit\u00e9 Cheick Anta Diop, Senegal)<\/span>\r\n<span style=\"font-family: georgia, palatino, serif;\">Ofosu, Eric (University of Energy and Natural Resources, Ghana)\r\n<\/span><span style=\"font-family: georgia, palatino, serif;\"><span class=\"\">Oyedele, Oladapo Sampson (Universit\u00e9 Nangui Abrogoua, IREN, C\u00f4te d'Ivoire)<\/span><\/span>\r\n<span style=\"font-family: georgia, palatino, serif;\">Pekpe, K. Midzodzi (Universit\u00e9 de Lille, France)<\/span>\r\n<span style=\"font-family: georgia, palatino, serif;\">Ramenah, Harry (Universit\u00e9 de Lorraine, France)<\/span>\r\n<span style=\"font-family: georgia, palatino, serif;\">Rohmer, Serge (Universit\u00e9 de Technologie de Troyes, France)<\/span>\r\n<span style=\"font-family: georgia, palatino, serif;\">Sava, Alexandre (Universit\u00e9 de Lorraine, France)<\/span>\r\n<span style=\"font-family: georgia, palatino, serif;\">Sieler, Loic (Universit\u00e9 de Lorraine, France)<\/span>\r\n<span style=\"font-family: georgia, palatino, serif;\">Simeu-Abazi, Zineb, (Universit\u00e9 Joseph Fourier, France)<\/span>\r\n<span style=\"font-family: georgia, palatino, serif;\">Tanougast, Camel (Universit\u00e9 de Lorraine, France)<\/span>\r\n<span style=\"font-family: georgia, palatino, serif;\">Tiem, Sonnou (Universit\u00e9 de Lom\u00e9, Togo)<\/span>\r\n<span style=\"font-family: georgia, palatino, serif;\">Tsuma, Leah (ASTICOM K Ltd, Kenya)<\/span>\r\n<span style=\"font-family: georgia, palatino, serif;\">Yame, Joseph (Universit\u00e9 de Lorraine, France)\r\n<span class=\"\">Yaye, Yapi (Universit\u00e9 Jean Lorougnon Gu\u00e9d\u00e9, C\u00f4te d\u2019Ivoire)<\/span><\/span>\r\n<span style=\"font-family: georgia, palatino, serif;\">Zerhouni, Noureddine, (Universit\u00e9 de Franche Comt\u00e9, France)<\/span><\/pre>\n<p><span style=\"font-size: 18pt;\"><strong>Comit\u00e9 d&#8217;Organisation<\/strong><\/span><\/p>\n<pre><span style=\"font-family: georgia, palatino, serif;\"><span class=\"\">Abdou, Wahabou (Universit\u00e9 de Bourgogne, France)<\/span><br class=\"\" \/><span class=\"\">Ackah, Jacques (Universit\u00e9 Jean Lorougnon Gu\u00e9d\u00e9, C\u00f4te d\u2019Ivoire)\r\nAdjallah, Kondo (Universit\u00e9 de Lorraine, France)<\/span><br class=\"\" \/><span class=\"\">Adzakpa, Pelope (CEGEP de la Gasp\u00e9sie et des \u00eeles, Canada, Qc)<\/span><br class=\"\" \/><span class=\"\">Aka, Boko (Universit\u00e9 Nangui Abrogoua, IREN, C\u00f4te d\u2019Ivoire)\r\nAkaffou, Doffou (Universit\u00e9 Jean Lorougnon Gu\u00e9d\u00e9, C\u00f4te d\u2019Ivoire)\r\nBatako, Andr\u00e9 (Liverpool John Moores University, UK)\r\nBirregah, Babiga (Universit\u00e9 de Technologie de Troyes, France)\r\nDjaman, Joseph (Universit\u00e9 F\u00e9lix Houphou\u00ebt Boigny, C\u00f4te d'Ivoire)\r\nEsse, Ya Hyppolite (Minist\u00e8re de l'Education Nationale, C\u00f4te d'Ivoire)\r\nN\u2019Guessan, Assi (Universit\u00e9 de Lille, France)\r\nOyedele, Oladapo Sampson (Universit\u00e9 Nangui Abrogoua, IREN, C\u00f4te d'Ivoire)<\/span><br class=\"\" \/><span class=\"\">Pekpe, K. Midzodzi (Universit\u00e9 de Lille, France)\r\nYaye, Yapi (Universit\u00e9 Jean Lorougnon Gu\u00e9d\u00e9, C\u00f4te d\u2019Ivoire)<\/span><\/span>\r\n<\/pre>\n<p>&nbsp;<\/p>\n<p>&nbsp;<\/p>\n<p>&nbsp;<\/p>\n<p>&nbsp;<\/p>\n<p>&nbsp;<\/p>\n<p>&nbsp;<\/p>\n<p>&nbsp;<\/p>\n<p>&nbsp;<\/p>\n<p>&nbsp;<\/p>\n<p>&nbsp;<\/p>\n<p>&nbsp;<\/p>\n<p>&nbsp;<\/p>\n","protected":false},"excerpt":{"rendered":"<p>Comit\u00e9 de Programme Abanda, Henri (Oxford Brookes University, United Kingdom) Abdou, Wahabou (Universit\u00e9 de Bourgogne, France) Ackah, Jacques (Universit\u00e9 Jean Lorougnon Gu\u00e9d\u00e9, C\u00f4te d\u2019Ivoire) Adjallah, Kondo H. (Universit\u00e9 de Lorraine, France) Adzakpa, K. Pelope (CEGEP de la Gaspesie et des &hellip; <a href=\"http:\/\/centre2018.iosea.org\/fr\/committees\">Continuer la lecture <span class=\"meta-nav\">&rarr;<\/span><\/a><\/p>\n","protected":false},"author":1,"featured_media":0,"parent":0,"menu_order":0,"comment_status":"closed","ping_status":"closed","template":"","meta":{"footnotes":""},"_links":{"self":[{"href":"http:\/\/centre2018.iosea.org\/fr\/wp-json\/wp\/v2\/pages\/21"}],"collection":[{"href":"http:\/\/centre2018.iosea.org\/fr\/wp-json\/wp\/v2\/pages"}],"about":[{"href":"http:\/\/centre2018.iosea.org\/fr\/wp-json\/wp\/v2\/types\/page"}],"author":[{"embeddable":true,"href":"http:\/\/centre2018.iosea.org\/fr\/wp-json\/wp\/v2\/users\/1"}],"replies":[{"embeddable":true,"href":"http:\/\/centre2018.iosea.org\/fr\/wp-json\/wp\/v2\/comments?post=21"}],"version-history":[{"count":33,"href":"http:\/\/centre2018.iosea.org\/fr\/wp-json\/wp\/v2\/pages\/21\/revisions"}],"predecessor-version":[{"id":370,"href":"http:\/\/centre2018.iosea.org\/fr\/wp-json\/wp\/v2\/pages\/21\/revisions\/370"}],"wp:attachment":[{"href":"http:\/\/centre2018.iosea.org\/fr\/wp-json\/wp\/v2\/media?parent=21"}],"curies":[{"name":"wp","href":"https:\/\/api.w.org\/{rel}","templated":true}]}}