{"id":23,"date":"2018-03-23T13:47:09","date_gmt":"2018-03-23T13:47:09","guid":{"rendered":"http:\/\/s683584806.onlinehome.fr\/?page_id=23"},"modified":"2018-10-07T19:44:34","modified_gmt":"2018-10-07T18:44:34","slug":"program","status":"publish","type":"page","link":"http:\/\/centre2018.iosea.org\/fr\/program","title":{"rendered":"PROGRAMME"},"content":{"rendered":"<p><span style=\"color: #000080;\"><strong><span style=\"color: #000080;\">Journ\u00e9e du<\/span><\/strong>\u00a0<strong><span style=\"color: #000080;\">9<\/span> <span style=\"color: #000080;\">novembre<\/span> <span style=\"color: #000080;\">2018<\/span><\/strong><\/span><\/p>\n<pre><strong><span style=\"font-family: georgia, palatino, serif;\">Fin d'apr\u00e8s-midi<\/span><\/strong>\r\n<span style=\"font-family: georgia, palatino, serif;\">17h30 - 19h00: Cocktail de r\u00e9ception<\/span><\/pre>\n<p><span style=\"color: #000080;\"><strong><span style=\"color: #000080;\">Journ\u00e9e du<\/span><\/strong>\u00a0<strong>1<span style=\"color: #000080;\">0 novembre 2018<\/span><\/strong><\/span><\/p>\n<pre><strong><span style=\"font-family: georgia, palatino, serif;\">Matin<\/span><\/strong>\r\n<span style=\"font-family: georgia, palatino, serif;\">08h00 - 08h30: Accueil et inscription\r\n08h30: 09h00: Session d'ouverture\r\n09h00: 09h30: Conf\u00e9rence pl\u00e9ni\u00e8re<\/span>\r\n<span style=\"font-family: georgia, palatino, serif;\">09h30 - 11h00: Ateliers \r\n11h00 - 11h15: Pause Caf\u00e9 ou Th\u00e9<\/span>\r\n<span style=\"font-family: georgia, palatino, serif;\">11h15 - 12h45: Ateliers<\/span>\r\n<span style=\"font-family: georgia, palatino, serif;\">12h45 - 14h00: D\u00e9jeuner<\/span>\r\n\r\n<strong><span style=\"font-family: georgia, palatino, serif;\">Apr\u00e8s Midi<\/span><\/strong>\r\n<span style=\"font-family: georgia, palatino, serif;\">14h00 - 14h30 Conf\u00e9rence pl\u00e9ni\u00e8re \r\n14h30 - 16h00 Ateliers\r\n16h00 - 16h15: Pause Caf\u00e9 ou Th\u00e9\r\n16h15 - 17h15: Ateliers\r\n15h15 - 17h45: Restitution et fin\r\n<\/span>\r\n<span style=\"font-family: georgia, palatino, serif;\">19h00 - 21h00 D\u00eener de gala<\/span>\r\n<\/pre>\n<p><strong><span style=\"color: #000080;\">Journ\u00e9e du<\/span><\/strong>\u00a0<strong><span style=\"color: #000080;\">11 novembre<\/span>\u00a0<span style=\"color: #000080;\">2018<\/span><\/strong><\/p>\n<pre><strong><span style=\"font-family: georgia, palatino, serif;\">Matin<\/span><\/strong>\r\n<span style=\"font-family: georgia, palatino, serif;\">10h00 - 12h30: Activit\u00e9 sociale 1<\/span>\r\n<span style=\"font-family: georgia, palatino, serif;\">12h30 - 14h00: D\u00e9jeuner libre<\/span>\r\n\r\n<strong><span style=\"font-family: georgia, palatino, serif;\">Apr\u00e8s Midi<\/span><\/strong>\r\n<span style=\"font-family: georgia, palatino, serif;\">14h00 - 16h00: Activit\u00e9 sociale 2<\/span><\/pre>\n<p>&nbsp;<\/p>\n<p><span style=\"color: #ffffff;\">end<\/span><\/p>\n","protected":false},"excerpt":{"rendered":"<p>Journ\u00e9e du\u00a09 novembre 2018 Fin d&#8217;apr\u00e8s-midi 17h30 &#8211; 19h00: Cocktail de r\u00e9ception Journ\u00e9e du\u00a010 novembre 2018 Matin 08h00 &#8211; 08h30: Accueil et inscription 08h30: 09h00: Session d&#8217;ouverture 09h00: 09h30: Conf\u00e9rence pl\u00e9ni\u00e8re 09h30 &#8211; 11h00: Ateliers 11h00 &#8211; 11h15: Pause Caf\u00e9 &hellip; <a href=\"http:\/\/centre2018.iosea.org\/fr\/program\">Continuer la lecture <span class=\"meta-nav\">&rarr;<\/span><\/a><\/p>\n","protected":false},"author":1,"featured_media":0,"parent":0,"menu_order":0,"comment_status":"closed","ping_status":"closed","template":"","meta":{"footnotes":""},"_links":{"self":[{"href":"http:\/\/centre2018.iosea.org\/fr\/wp-json\/wp\/v2\/pages\/23"}],"collection":[{"href":"http:\/\/centre2018.iosea.org\/fr\/wp-json\/wp\/v2\/pages"}],"about":[{"href":"http:\/\/centre2018.iosea.org\/fr\/wp-json\/wp\/v2\/types\/page"}],"author":[{"embeddable":true,"href":"http:\/\/centre2018.iosea.org\/fr\/wp-json\/wp\/v2\/users\/1"}],"replies":[{"embeddable":true,"href":"http:\/\/centre2018.iosea.org\/fr\/wp-json\/wp\/v2\/comments?post=23"}],"version-history":[{"count":25,"href":"http:\/\/centre2018.iosea.org\/fr\/wp-json\/wp\/v2\/pages\/23\/revisions"}],"predecessor-version":[{"id":464,"href":"http:\/\/centre2018.iosea.org\/fr\/wp-json\/wp\/v2\/pages\/23\/revisions\/464"}],"wp:attachment":[{"href":"http:\/\/centre2018.iosea.org\/fr\/wp-json\/wp\/v2\/media?parent=23"}],"curies":[{"name":"wp","href":"https:\/\/api.w.org\/{rel}","templated":true}]}}