{"id":25,"date":"2018-03-23T13:47:59","date_gmt":"2018-03-23T13:47:59","guid":{"rendered":"http:\/\/s683584806.onlinehome.fr\/?page_id=25"},"modified":"2018-09-19T13:46:30","modified_gmt":"2018-09-19T12:46:30","slug":"submission","status":"publish","type":"page","link":"http:\/\/centre2018.iosea.org\/fr\/submission","title":{"rendered":"SOUMISSION"},"content":{"rendered":"<p style=\"text-align: justify;\">Les auteurs sont invit\u00e9s \u00e0 soumettre des contributions originales qui ne sont pas publi\u00e9es ni soumises \u00e0 d&#8217;autres Workshops, Conf\u00e9rences ou journaux. Tous les papiers seront examin\u00e9s par un comit\u00e9s de programme international afin d&#8217;\u00e9valuer leur originalit\u00e9, exactitude et clart\u00e9. Pour la d\u00e9cision d&#8217;acceptation, les auteurs peuvent soumettre un abstract de 3 pages ou un papier complet de 8 pages en double colonnes. <span style=\"color: #b00000;\"><span style=\"color: #b00000;\">Les papiers doivent \u00eatre r\u00e9dig\u00e9s en anglais.<\/span><\/span> Les Templates\/mod\u00e8les Word et Latex sont fournis ci-dessous. <span style=\"color: #b00000;\">La version compl\u00e8te de tous les papiers accept\u00e9s\u00a0seront inclus dans les actes du Workshop, publi\u00e9s chez Springer et index\u00e9s dans des bases telles que WoS, Scopus, Google Scholar, EI-Compendex, \u2026<\/span><\/p>\n<p style=\"text-align: justify;\"><strong><span style=\"font-size: 14pt;\">Submission<\/span><\/strong><\/p>\n<p style=\"text-align: justify;\">Veuillez utiliser le site Internet d&#8217;<a href=\"https:\/\/easychair.org\/conferences\/?conf=centre2018\" target=\"_blank\" rel=\"noopener\">EasyChair<\/a>\u00a0pour la soumission des papiers au Workshop CENTRE&#8217;2018.<\/p>\n<p style=\"text-align: justify;\"><strong><span class=\"current\" style=\"font-size: 14pt;\">Guide for authors<\/span><\/strong><\/p>\n<p style=\"text-align: justify;\"><strong>Les templates\/mod\u00e8les Latex et Word du Workshop peuvent \u00eatre t\u00e9l\u00e9charg\u00e9s sur les liens suivants :<\/strong><\/p>\n<p style=\"text-align: justify;\"><a href=\"http:\/\/iceassm.org\/download\/352\/\" class=\"broken_link\">LaTeX Archive (ZIP)\u00a0<\/a><br \/>\n<a href=\"http:\/\/iceassm.org\/download\/343\/\" class=\"broken_link\">Microsoft Word 2003 \u2013 US letter (DOC)<\/a><\/p>\n<p>&nbsp;<\/p>\n<p>&nbsp;<\/p>\n<p>&nbsp;<\/p>\n<p>&nbsp;<\/p>\n<p>&nbsp;<\/p>\n<p>&nbsp;<\/p>\n<p>&nbsp;<\/p>\n<p>&nbsp;<\/p>\n<p><span style=\"color: #ffffff;\">end<\/span><\/p>\n","protected":false},"excerpt":{"rendered":"<p>Les auteurs sont invit\u00e9s \u00e0 soumettre des contributions originales qui ne sont pas publi\u00e9es ni soumises \u00e0 d&#8217;autres Workshops, Conf\u00e9rences ou journaux. Tous les papiers seront examin\u00e9s par un comit\u00e9s de programme international afin d&#8217;\u00e9valuer leur originalit\u00e9, exactitude et clart\u00e9. &hellip; <a href=\"http:\/\/centre2018.iosea.org\/fr\/submission\">Continuer la lecture <span class=\"meta-nav\">&rarr;<\/span><\/a><\/p>\n","protected":false},"author":1,"featured_media":0,"parent":0,"menu_order":0,"comment_status":"closed","ping_status":"closed","template":"","meta":{"footnotes":""},"_links":{"self":[{"href":"http:\/\/centre2018.iosea.org\/fr\/wp-json\/wp\/v2\/pages\/25"}],"collection":[{"href":"http:\/\/centre2018.iosea.org\/fr\/wp-json\/wp\/v2\/pages"}],"about":[{"href":"http:\/\/centre2018.iosea.org\/fr\/wp-json\/wp\/v2\/types\/page"}],"author":[{"embeddable":true,"href":"http:\/\/centre2018.iosea.org\/fr\/wp-json\/wp\/v2\/users\/1"}],"replies":[{"embeddable":true,"href":"http:\/\/centre2018.iosea.org\/fr\/wp-json\/wp\/v2\/comments?post=25"}],"version-history":[{"count":33,"href":"http:\/\/centre2018.iosea.org\/fr\/wp-json\/wp\/v2\/pages\/25\/revisions"}],"predecessor-version":[{"id":429,"href":"http:\/\/centre2018.iosea.org\/fr\/wp-json\/wp\/v2\/pages\/25\/revisions\/429"}],"wp:attachment":[{"href":"http:\/\/centre2018.iosea.org\/fr\/wp-json\/wp\/v2\/media?parent=25"}],"curies":[{"name":"wp","href":"https:\/\/api.w.org\/{rel}","templated":true}]}}