{"id":27,"date":"2018-03-23T13:48:29","date_gmt":"2018-03-23T13:48:29","guid":{"rendered":"http:\/\/s683584806.onlinehome.fr\/?page_id=27"},"modified":"2018-11-04T16:08:58","modified_gmt":"2018-11-04T15:08:58","slug":"registration","status":"publish","type":"page","link":"http:\/\/centre2018.iosea.org\/fr\/registration","title":{"rendered":"ENREGISTREMENT"},"content":{"rendered":"<p>Tous les participants au Workshop doivent \u00eatre enregistr\u00e9s. L&#8217;enregistrement t\u00f4t b\u00e9n\u00e9ficie d&#8217;un tarif r\u00e9duit. <span style=\"color: #c80000;\">Deux papers peuvent \u00eatre associ\u00e9s \u00e0 l&#8217;inscription d&#8217;un participant qui en assure les pr\u00e9sentations lors du Workshop. <span style=\"color: #ff0000;\"><strong><span style=\"color: #ff0000;\">Les inscriptions aux tarifs \u00e9tudiants ne sont pas \u00e9ligibles.<\/span><\/strong><\/span><\/span><\/p>\n<div class=\"wa\">\n<table>\n<tbody>\n<tr>\n<td style=\"width: 89.6px;\" align=\"center\" bgcolor=\"#606060\"><strong>R\u00e9sidence<\/strong><\/td>\n<td style=\"width: 84.8px;\" align=\"center\" bgcolor=\"#606060\"><strong>Cat\u00e9gories<\/strong><\/td>\n<td style=\"width: 130.4px;\" align=\"center\" bgcolor=\"#606060\"><strong>Enregistrement dans les d\u00e9lais<\/strong><br \/>\n<span style=\"color: #000000;\">(Avant 30\/9\/2018)<\/span><\/td>\n<td style=\"width: 141.6px;\" align=\"center\" bgcolor=\"#606060\"><strong>Enregistrement tardif<\/strong><br \/>\n<span style=\"color: #000000;\">(Apr\u00e8s 30\/9\/2018)<\/span><\/td>\n<\/tr>\n<tr>\n<td style=\"width: 84.8px;\" rowspan=\"2\" valign=\"middle\" bgcolor=\"#A5A4A5\"><strong>Afrique<\/strong><\/td>\n<td style=\"width: 89.6px;\" bgcolor=\"#CBCEB8\">Etudiants<\/td>\n<td style=\"width: 130.4px;\" align=\"center\" bgcolor=\"#CBCEB8\">50 euros<\/td>\n<td style=\"width: 141.6px;\" align=\"center\" bgcolor=\"#CBCEB8\">75 euros<\/td>\n<\/tr>\n<tr>\n<td style=\"width: 90.0px;\" bgcolor=\"#F7FFF7\">Non-\u00e9tudiants<\/td>\n<td style=\"width: 130.4px;\" align=\"center\" bgcolor=\"#F7FFF7\">100 euros<\/td>\n<td style=\"width: 141.6px;\" align=\"center\" bgcolor=\"#F7FFF7\">150 euros<\/td>\n<\/tr>\n<tr>\n<td style=\"width: 89.6px;\" rowspan=\"2\" valign=\"middle\" bgcolor=\"#7E7D7E\"><strong>Autres<\/strong><\/td>\n<td style=\"width: 84.8px;\" bgcolor=\"#CBCEB8\">Etudiants<\/td>\n<td style=\"width: 130.4px;\" align=\"center\" bgcolor=\"#CBCEB8\">100 euros<\/td>\n<td style=\"width: 141.6px;\" align=\"center\" bgcolor=\"#CBCEB8\">150 euros<\/td>\n<\/tr>\n<tr>\n<td style=\"width: 84.8px;\" bgcolor=\"#F7FFF7\">Non-\u00e9tudiants<\/td>\n<td style=\"width: 130.4px;\" align=\"center\" bgcolor=\"#F7FFF7\">200 euros<\/td>\n<td style=\"width: 141.6px;\" align=\"center\" bgcolor=\"#F7FFF7\">250 euros<\/td>\n<\/tr>\n<\/tbody>\n<\/table>\n<\/div>\n<h2>Informations de payement pour CENTRE&#8217;2018<\/h2>\n<div><span style=\"font-size: 12pt;\">Vous pouvez utiliser l&#8217;un des deux moyens de payement ci-dessous puis remplir le\u00a0<a href=\"http:\/\/centre2018.iosea.org\/wp-content\/uploads\/2018\/10\/CENTRE2018-Registration-Form.pdf\">formulaire pdf<\/a> et l&#8217;envoyer \u00e0 l&#8217;adresse mail :\u00a0<a href=\"mailto:treasurer@iosea.org\">treasurer@iosea.org<\/a><\/span><\/div>\n<div><\/div>\n<div><span style=\"font-size: 12pt;\">Toutes les devises sont en Euro\u00a0 (\u20ac)\u00a0<\/span><\/div>\n<div><\/div>\n<div><\/div>\n<div>\n<table style=\"background-color: #edf9fc;\">\n<tbody>\n<tr>\n<td>\n<div><span style=\"font-size: 12pt;\">1) Pour payer par virement, utiliser les informations\u00a0 bancaires ci-dessous :<\/span><\/div>\n<div><\/div>\n<div><em><span style=\"font-size: 12pt;\">Nom du compte : IOSEA<\/span><\/em><\/div>\n<div><em><span style=\"font-size: 12pt;\">Num\u00e9ro de compte :\u00a0FR76 \u00a01027 \u00a08059 \u00a00000 \u00a00214 \u00a05520 \u00a0137<\/span><\/em><br \/>\n<em><span style=\"font-size: 12pt;\">Code SWIFT (Bank Identifier Code) :\u00a0CMCIFR2A<\/span><\/em><br \/>\n<em><span style=\"font-size: 12pt;\">Nom de la Banque :\u00a0CREDIT MUTUEL ENSEIGNANT 57<\/span><\/em><br \/>\n<em><span style=\"font-size: 12pt;\">Adresse de la banque :\u00a017 RUE DU SABLON \u2013 BP 80287 \u2013 57006 METZ CEDEX 01, FRANCE<\/span><\/em><\/div>\n<div><\/div>\n<div><span style=\"font-size: 12pt;\">Vous pouvez nous contacter \u00e0 l&#8217;adresse\u00a0<a href=\"mailto:treasurer@iosea.org\" target=\"_blank\" rel=\"noopener\">treasurer@iosea.org<\/a>\u00a0pour toute information compl\u00e9mentaire.<\/span><\/div>\n<\/td>\n<\/tr>\n<\/tbody>\n<\/table>\n<\/div>\n<div>\n<table style=\"background-color: #edf9fc;\">\n<tbody>\n<tr>\n<td><span style=\"font-size: 12pt;\">2)\u00a0Pour un payement en ligne, utiliser PayPal ou votre carte de cr\u00e9dit ci-dessous. Veuillez noter que des frais additionnels de 3.52% sont ajout\u00e9s lors du payement en ligne.<\/span><\/p>\n<form action=\"https:\/\/www.paypal.com\/cgi-bin\/webscr\" method=\"post\" target=\"_top\"><input name=\"cmd\" type=\"hidden\" value=\"_s-xclick\" \/><br \/>\n<input name=\"hosted_button_id\" type=\"hidden\" value=\"MHGK6VVHRS32G\" \/><\/p>\n<table>\n<tbody>\n<tr>\n<td><input name=\"on0\" type=\"hidden\" value=\"Payer un inscription pour un\" \/>Payer un inscription pour un<\/td>\n<\/tr>\n<tr>\n<td><select name=\"os0\"><option value=\"Etudiant d'Afrique\">Etudiant d&#8217;Afrique \u20ac75,00 EUR<\/option><option value=\"Non-Etudiant d'Afrique\">Non-Etudiant d&#8217;Afrique \u20ac150,00 EUR<\/option><option value=\"Autre Etudiant\">Autre Etudiant \u20ac150,00 EUR<\/option><option value=\"Autre Non-Etudiant\">Autre Non-Etudiant \u20ac250,00 EUR<\/option><\/select><\/td>\n<\/tr>\n<\/tbody>\n<\/table>\n<p><input name=\"currency_code\" type=\"hidden\" value=\"EUR\" \/><br \/>\n<input alt=\"PayPal, le r\u00e9flexe s\u00e9curit\u00e9 pour payer en ligne\" name=\"submit\" src=\"https:\/\/www.paypalobjects.com\/fr_FR\/FR\/i\/btn\/btn_paynowCC_LG.gif\" type=\"image\" \/><br \/>\n<img loading=\"lazy\" decoding=\"async\" src=\"https:\/\/www.paypalobjects.com\/en_US\/i\/scr\/pixel.gif\" alt=\"\" width=\"1\" height=\"1\" border=\"0\" \/><br \/>\n<\/form>\n<p>Un re\u00e7u vous sera envoy\u00e9 d\u00e8s la r\u00e9ception du payement.<\/td>\n<\/tr>\n<\/tbody>\n<\/table>\n<\/div>\n","protected":false},"excerpt":{"rendered":"<p>Tous les participants au Workshop doivent \u00eatre enregistr\u00e9s. L&#8217;enregistrement t\u00f4t b\u00e9n\u00e9ficie d&#8217;un tarif r\u00e9duit. Deux papers peuvent \u00eatre associ\u00e9s \u00e0 l&#8217;inscription d&#8217;un participant qui en assure les pr\u00e9sentations lors du Workshop. Les inscriptions aux tarifs \u00e9tudiants ne sont pas \u00e9ligibles. &hellip; <a href=\"http:\/\/centre2018.iosea.org\/fr\/registration\">Continuer la lecture <span class=\"meta-nav\">&rarr;<\/span><\/a><\/p>\n","protected":false},"author":1,"featured_media":0,"parent":0,"menu_order":0,"comment_status":"closed","ping_status":"closed","template":"","meta":{"footnotes":""},"_links":{"self":[{"href":"http:\/\/centre2018.iosea.org\/fr\/wp-json\/wp\/v2\/pages\/27"}],"collection":[{"href":"http:\/\/centre2018.iosea.org\/fr\/wp-json\/wp\/v2\/pages"}],"about":[{"href":"http:\/\/centre2018.iosea.org\/fr\/wp-json\/wp\/v2\/types\/page"}],"author":[{"embeddable":true,"href":"http:\/\/centre2018.iosea.org\/fr\/wp-json\/wp\/v2\/users\/1"}],"replies":[{"embeddable":true,"href":"http:\/\/centre2018.iosea.org\/fr\/wp-json\/wp\/v2\/comments?post=27"}],"version-history":[{"count":73,"href":"http:\/\/centre2018.iosea.org\/fr\/wp-json\/wp\/v2\/pages\/27\/revisions"}],"predecessor-version":[{"id":506,"href":"http:\/\/centre2018.iosea.org\/fr\/wp-json\/wp\/v2\/pages\/27\/revisions\/506"}],"wp:attachment":[{"href":"http:\/\/centre2018.iosea.org\/fr\/wp-json\/wp\/v2\/media?parent=27"}],"curies":[{"name":"wp","href":"https:\/\/api.w.org\/{rel}","templated":true}]}}